{"id":9227,"date":"2022-09-19T14:39:34","date_gmt":"2022-09-19T14:39:34","guid":{"rendered":"https:\/\/tasgroup.jumpgroup.it\/?page_id=9227"},"modified":"2025-01-21T11:56:46","modified_gmt":"2025-01-21T11:56:46","slug":"cookie-policy","status":"publish","type":"page","link":"https:\/\/www.tasgroup.eu\/it\/cookie-policy\/","title":{"rendered":"Cookie Policy"},"content":{"rendered":"<style>.kb-row-layout-id9227_9de781-87 > .kt-row-column-wrap{align-content:center;}:where(.kb-row-layout-id9227_9de781-87 > .kt-row-column-wrap) > .wp-block-kadence-column{justify-content:center;}.kb-row-layout-id9227_9de781-87 > .kt-row-column-wrap{column-gap:var(--global-kb-gap-md, 2rem);row-gap:var(--global-kb-gap-md, 2rem);max-width:100%;margin-left:auto;margin-right:auto;padding-top:10rem;padding-bottom:10rem;grid-template-columns:minmax(0, 1fr);}.kb-row-layout-id9227_9de781-87 > .kt-row-layout-overlay{opacity:0.30;}.kb-row-layout-id9227_9de781-87 ,.kb-row-layout-id9227_9de781-87 h1,.kb-row-layout-id9227_9de781-87 h2,.kb-row-layout-id9227_9de781-87 h3,.kb-row-layout-id9227_9de781-87 h4,.kb-row-layout-id9227_9de781-87 h5,.kb-row-layout-id9227_9de781-87 h6{color:#ffffff;}.kb-row-layout-id9227_9de781-87 .kt-row-layout-bottom-sep{height:100px;}.kb-row-layout-id9227_9de781-87 .kt-row-layout-bottom-sep svg{width:100%;}.kb-row-layout-id9227_9de781-87 .kt-row-layout-bottom-sep svg{fill:#ffffff!important;}@media all and (max-width: 1024px){.kb-row-layout-id9227_9de781-87 > .kt-row-column-wrap{padding-top:3rem;padding-bottom:3rem;grid-template-columns:minmax(0, 1fr);}}@media all and (max-width: 1024px){.kb-row-layout-id9227_9de781-87 .kt-row-layout-bottom-sep{height:px;}}@media all and (max-width: 1024px){.kb-row-layout-id9227_9de781-87 .kt-row-layout-bottom-sep svg{width:%;}}@media all and (max-width: 767px){.kb-row-layout-id9227_9de781-87 > .kt-row-column-wrap{padding-top:3rem;padding-bottom:3rem;grid-template-columns:minmax(0, 1fr);}.kb-row-layout-id9227_9de781-87 > .kt-row-column-wrap > .wp-block-kadence-column:nth-child(1){order:1;}.kb-row-layout-id9227_9de781-87 > .kt-row-column-wrap > .wp-block-kadence-column:nth-child(2){order:11;}.kb-row-layout-id9227_9de781-87 > .kt-row-column-wrap > .wp-block-kadence-column:nth-child(3){order:21;}.kb-row-layout-id9227_9de781-87 > .kt-row-column-wrap > .wp-block-kadence-column:nth-child(4){order:31;}.kb-row-layout-id9227_9de781-87 .kt-row-layout-bottom-sep{height:px;}.kb-row-layout-id9227_9de781-87 .kt-row-layout-bottom-sep svg{width:%;}}<\/style><div class=\"kb-row-layout-wrap kb-row-layout-id9227_9de781-87 alignfull has-violet-to-orange-background-color kt-row-has-bg wp-block-kadence-rowlayout\" id=\"copertina\"><div class=\"kt-row-column-wrap kt-has-1-columns kt-row-layout-equal kt-tab-layout-inherit kt-mobile-layout-row kt-row-valign-middle\">\n<style>.kadence-column9227_8c2b6a-20 > .kt-inside-inner-col,.kadence-column9227_8c2b6a-20 > .kt-inside-inner-col:before{border-top-left-radius:0px;border-top-right-radius:0px;border-bottom-right-radius:0px;border-bottom-left-radius:0px;}.kadence-column9227_8c2b6a-20 > .kt-inside-inner-col{column-gap:var(--global-kb-gap-sm, 1rem);}.kadence-column9227_8c2b6a-20 > .kt-inside-inner-col{flex-direction:column;}.kadence-column9227_8c2b6a-20 > .kt-inside-inner-col > .aligncenter{width:100%;}.kadence-column9227_8c2b6a-20 > .kt-inside-inner-col:before{opacity:0.3;}.kadence-column9227_8c2b6a-20{position:relative;}@media all and (max-width: 1024px){.kadence-column9227_8c2b6a-20 > .kt-inside-inner-col{flex-direction:column;}}@media all and (max-width: 767px){.kadence-column9227_8c2b6a-20 > .kt-inside-inner-col{flex-direction:column;}}<\/style>\n<div class=\"wp-block-kadence-column kadence-column9227_8c2b6a-20 inner-column-1\"><div class=\"kt-inside-inner-col\">\n<h1 class=\"wp-block-heading has-text-align-center has-white-color has-text-color\"><strong><strong>Cookie Policy<\/strong><br><\/strong><\/h1>\n<\/div><\/div>\n\n<\/div><\/div>\n\n<style>.kb-row-layout-id9227_6c11eb-71 > .kt-row-column-wrap{align-content:start;}:where(.kb-row-layout-id9227_6c11eb-71 > .kt-row-column-wrap) > .wp-block-kadence-column{justify-content:start;}.kb-row-layout-id9227_6c11eb-71 > .kt-row-column-wrap{column-gap:var(--global-kb-gap-md, 2rem);row-gap:var(--global-kb-gap-md, 2rem);max-width:100%;margin-left:auto;margin-right:auto;padding-top:var(--global-kb-spacing-sm, 1.5rem);padding-bottom:var(--global-kb-spacing-sm, 1.5rem);grid-template-columns:minmax(0, 1fr);}.kb-row-layout-id9227_6c11eb-71 > .kt-row-layout-overlay{opacity:0.30;}@media all and (max-width: 1024px){.kb-row-layout-id9227_6c11eb-71 > .kt-row-column-wrap{grid-template-columns:minmax(0, 1fr);}}@media all and (max-width: 767px){.kb-row-layout-id9227_6c11eb-71 > .kt-row-column-wrap{grid-template-columns:minmax(0, 1fr);}}<\/style><div class=\"kb-row-layout-wrap kb-row-layout-id9227_6c11eb-71 alignfull wp-block-kadence-rowlayout\"><div class=\"kt-row-column-wrap kt-has-1-columns kt-row-layout-equal kt-tab-layout-inherit kt-mobile-layout-row kt-row-valign-top\">\n<style>.kadence-column9227_5daa02-b3 > .kt-inside-inner-col,.kadence-column9227_5daa02-b3 > .kt-inside-inner-col:before{border-top-left-radius:0px;border-top-right-radius:0px;border-bottom-right-radius:0px;border-bottom-left-radius:0px;}.kadence-column9227_5daa02-b3 > .kt-inside-inner-col{column-gap:var(--global-kb-gap-sm, 1rem);}.kadence-column9227_5daa02-b3 > .kt-inside-inner-col{flex-direction:column;}.kadence-column9227_5daa02-b3 > .kt-inside-inner-col > .aligncenter{width:100%;}.kadence-column9227_5daa02-b3 > .kt-inside-inner-col:before{opacity:0.3;}.kadence-column9227_5daa02-b3{position:relative;}@media all and (max-width: 1024px){.kadence-column9227_5daa02-b3 > .kt-inside-inner-col{flex-direction:column;}}@media all and (max-width: 767px){.kadence-column9227_5daa02-b3 > .kt-inside-inner-col{flex-direction:column;}}<\/style>\n<div class=\"wp-block-kadence-column kadence-column9227_5daa02-b3 inner-column-1\"><div class=\"kt-inside-inner-col\">\n<h3 class=\"wp-block-heading\"><strong>Chi siamo e cosa facciamo dei tuoi dati personali?<\/strong><\/h3>\n\n\n\n<p>TAS S.p.A., con sede legale in Via Serviliano Lattuada 25, 20135 Milano, (di seguito anche il Titolare), in qualit\u00e0 di titolare del trattamento, si preoccupa della riservatezza dei tuoi dati personali e di garantire ad essi la protezione necessaria da ogni evento che possa metterli a rischio di violazione.<\/p>\n\n\n\n<p>Il Titolare mette in pratica al fine policy e prassi aventi riguardo alla raccolta e all\u2019utilizzo dei dati personali e all\u2019esercizio dei diritti che ti sono riconosciuti dalla normativa applicabile. Il Titolare ha cura di aggiornare le policy e le prassi adottate per la protezione dei dati personali ogni volta che ci\u00f2 si renda necessario e comunque in caso di modifiche normative e organizzative che possano incidere sui trattamenti dei tuoi dati personali.<\/p>\n\n\n\n<p>Il Titolare ha nominato un responsabile della protezione dei dati o data protection officer (RPD o DPO) che puoi contattare se hai domande sulle policy e sulle prassi adottate.<\/p>\n\n\n\n<p>Puoi contattare il DPO all\u2019indirizzo <a href=\"mailto:tas_dpo.it@tasgroup.eu\">tas_dpo.it@tasgroup.eu<\/a><\/p>\n\n\n\n<h3 class=\"wp-block-heading\"><strong>Come raccoglie e tratta i tuoi dati il Titolare?<\/strong><\/h3>\n\n\n\n<p>Le informazioni personali che ti riguardano saranno trattate per:<\/p>\n\n\n\n<p><strong>1)&nbsp;La navigazione del sito <\/strong><a href=\"\/\">www.tasgroup.eu<\/a><\/p>\n\n\n\n<p>Il trattamento dei tuoi dati personali, quali dati di navigazione ad es. l\u2019indirizzo IP e cookie rilasciati mediante la navigazione del sito <a href=\"http:\/\/www.tasgroup.eu\">www.tasgroup.eu<\/a> sono trattati dal Titolare per dar seguito alla gestione del sito e per raccogliere informazioni anche di natura aggregata.<\/p>\n\n\n\n<p>I tuoi dati personali non saranno in alcun modo diffusi o divulgati verso soggetti indeterminati.<\/p>\n\n\n\n<p><strong>2)&nbsp;<\/strong><strong>La comunicazione a terzi e destinatari<\/strong><\/p>\n\n\n\n<p>La comunicazione dei tuoi dati personali avviene principalmente nei confronti di terzi e\/o destinatari la cui attivit\u00e0 \u00e8 necessaria per l\u2019espletamento delle attivit\u00e0 inerenti alle finalit\u00e0 predette, e anche per rispondere a determinati obblighi di legge. Ogni comunicazione che non risponde a tali finalit\u00e0 sar\u00e0 sottoposta al tuo consenso.<\/p>\n\n\n\n<p>In particolare, i tuoi dati saranno comunicati a terzi\/destinatari per:<\/p>\n\n\n\n<ol class=\"wp-block-list\">\n<li>lo svolgimento del servizio (es. provider di servizi informatici);<\/li>\n\n\n\n<li>comunicazioni nei confronti dell\u2019amministrazione finanziaria, e degli enti pubblici di vigilanza e controllo nei confronti dei quali il Titolare deve adempiere a specifici obblighi derivanti dalla specificit\u00e0 dell\u2019attivit\u00e0 esercitata;<\/li>\n<\/ol>\n\n\n\n<p>I dati personali che il Titolare tratta per tale finalit\u00e0 sono:<\/p>\n\n\n\n<ul class=\"wp-block-list\">\n<li>dati di navigazione (indirizzo IP)<\/li>\n<\/ul>\n\n\n\n<p><strong>3)&nbsp;<\/strong><strong>Motivi di<\/strong> <strong>sicurezza informatica<\/strong><\/p>\n\n\n\n<p>Il Titolare tratta, anche per mezzo dei suoi fornitori (terzi e\/o destinatari), i tuoi dati personali (es. indirizzo IP) o di traffico raccolti, o ottenuti, in caso di servizi esposti sul sito web in misura strettamente necessaria e proporzionata per garantire la sicurezza e la capacit\u00e0 di una rete o dei server ad essa connessi di resistere, a un dato livello di sicurezza, a eventi imprevisti o atti illeciti o dolosi che compromettano la disponibilit\u00e0, l&#8217;autenticit\u00e0, l&#8217;integrit\u00e0 e la riservatezza dei dati personali conservati o trasmessi.<\/p>\n\n\n\n<p>A tali fini il Titolare prevede procedure per la gestione della violazione dei dati personali (data breach).<\/p>\n\n\n\n<h3 class=\"wp-block-heading\"><strong>Cosa sono i cookie e per quali finalit\u00e0 possono essere utilizzati<\/strong><\/h3>\n\n\n\n<p>Un &#8220;cookie&#8221; \u00e8 un piccolo file di testo creato da alcuni siti web sul computer dell\u2019utente al momento in cui questo accede ad un determinato sito, con lo scopo di immagazzinare e trasportare informazioni. I cookie sono inviati da un server web (che \u00e8 il computer sul quale \u00e8 in esecuzione il sito web visitato) al browser dell\u2019utente (Internet Explorer, Mozilla Firefox, Google Chrome, ecc.) e memorizzati sul computer di quest\u2019ultimo; vengono, quindi, re-inviati al sito web al momento delle visite successive.<\/p>\n\n\n\n<p>Alcune operazioni non potrebbero essere compiute senza l&#8217;uso dei cookie, che, in alcuni casi, sono quindi tecnicamente necessari. In altri casi il sito utilizza cookie per facilitare e agevolare la navigazione da parte dell\u2019utente o per consentire a questi di usufruire di servizi specificamente richiesti.<\/p>\n\n\n\n<p>I cookie possono rimanere nel sistema anche per lunghi periodi e possono contenere anche un codice identificativo unico. Ci\u00f2 consente ai siti che li utilizzano di tenere traccia della navigazione dell&#8217;utente all&#8217;interno del sito stesso, per finalit\u00e0 statistiche o pubblicitarie, per creare cio\u00e8 un profilo personalizzato dell&#8217;utente a partire dalle pagine che lo stesso ha visitato e mostrargli e\/o inviargli quindi pubblicit\u00e0 mirate (<em>c.d. Behavioural Advertising<\/em>).<\/p>\n\n\n\n<h3 class=\"wp-block-heading\"><strong>Quali cookie sono utilizzati e per quali finalit\u00e0 principale<\/strong><\/h3>\n\n\n\n<p>Il Titolare riporta di seguito le specifiche categorie di cookie adoperati, la finalit\u00e0 e la conseguenza che deriva dalla loro de-selezione:<\/p>\n\n\n\n<figure class=\"wp-block-image size-full\"><img loading=\"lazy\" decoding=\"async\" width=\"895\" height=\"764\" src=\"https:\/\/www.tasgroup.eu\/app\/uploads\/sites\/2\/2025\/01\/Tabella_cookie_sito_it.jpg\" alt=\"\" class=\"wp-image-11398\" srcset=\"https:\/\/www.tasgroup.eu\/app\/uploads\/sites\/2\/2025\/01\/Tabella_cookie_sito_it.jpg 895w, https:\/\/www.tasgroup.eu\/app\/uploads\/sites\/2\/2025\/01\/Tabella_cookie_sito_it-300x256.jpg 300w, https:\/\/www.tasgroup.eu\/app\/uploads\/sites\/2\/2025\/01\/Tabella_cookie_sito_it-768x656.jpg 768w\" sizes=\"(max-width: 895px) 100vw, 895px\" \/><\/figure>\n\n\n\n<p><\/p>\n\n\n\n<h3 class=\"wp-block-heading\"><strong>Cookie di terze parti<\/strong><\/h3>\n\n\n\n<p>Sul presente sito web sono operativi anche cookie di terzi parti, ossia cookie creati da un sito web diverso da quello che l\u2019utente sta attualmente visitando.&nbsp;<\/p>\n\n\n\n<p>In particolare, si informano gli utenti che il sito web utilizza i seguenti servizi che rilasciano cookies:<\/p>\n\n\n\n<p>Cookie tecnici:<\/p>\n\n\n\n<p>&#8211; Cloudflare: Fornitore di servizi di sicurezza e prestazioni web, utilizzato per mitigare il traffico bot e garantire la sicurezza;<\/p>\n\n\n\n<p>&#8211; Avacy: \u00e8 una Consent Management Platform che aiuta i siti web a gestire i consensi degli utenti in conformit\u00e0 con le normative sulla privacy;<\/p>\n\n\n\n<p>&#8211; Hubspot: il cookie indica se l&#8217;utente ha riavviato il browser.<\/p>\n\n\n\n<p>Cookie analitici:<\/p>\n\n\n\n<ul class=\"wp-block-list\">\n<li>Hubspot: cookie utilizzato per tracciare visitatori e sessioni e per tracciare le sessioni e aiutare a monitorare l&#8217;uso.<\/li>\n<\/ul>\n\n\n\n<p>Cookie di profilazione:<\/p>\n\n\n\n<ul class=\"wp-block-list\">\n<li>Hubspot: cookie utilizzato per mantenere l&#8217;identit\u00e0 dell&#8217;utente per scopi di tracciamento.<\/li>\n\n\n\n<li><\/li>\n<\/ul>\n\n\n\n<p><\/p>\n\n\n\n<h3 class=\"wp-block-heading\">Deselezione e attivazione dei cookie \u201cpreferenze cookie\u201d<\/h3>\n\n\n\n<p>Per visualizzare la lista completa e sempre aggiornata dei cookie di terze parti, deselezionare e attivare i cookie, consulta la pagina \u201cpreferenze cookie\u201d.<\/p>\n\n\n\n<h3 class=\"wp-block-heading has--font-size\"><strong>Social buttons<\/strong><\/h3>\n\n\n\n<p>Sul sito web sono presenti dei particolari &#8220;pulsanti&#8221; (denominati \u201csocial buttons\/widgets\u201d) che raffigurano le icone di social network (p.e. Facebook, linkedin, etc.) e di altri servizi web (p.e. Youtube, etc.). Gli stessi consentono agli utenti che stanno navigando sulla pagina web del Titolare di accedere con un &#8220;click&#8221; ai social network di riferimento. In tal caso il social network ed i servizi web acquisiscono i dati relativi all\u2019utente, mentre il Titolare non condivider\u00e0 alcuna informazione di navigazione o dato dell\u2019utente acquisiti attraverso il proprio sito con i social network ed i servizi web accessibili grazie ai social buttons\/widgets. Tali servizi rilasciano \u201ccookies di terze parti\u201d. Di seguito si riportano i link alle informative privacy dei social network pi\u00f9 utilizzati e dei siti web cui i pulsanti rinviano:<\/p>\n\n\n\n<p>per X: <a href=\"https:\/\/twitter.com\/it\/privacy\">https:\/\/twitter.com\/it\/privacy<\/a><\/p>\n\n\n\n<p>per Youtube: https:\/\/policies.google.com\/technologies\/cookies?hl=it<\/p>\n\n\n\n<p>per Linkedin: <a href=\"https:\/\/www.linkedin.com\/legal\/cookie_policy\">www.linkedin.com\/legal\/cookie_policy<\/a><\/p>\n\n\n\n<p><strong>Che cosa succede se non fornisci i tuoi dati?<\/strong><\/p>\n\n\n\n<p>Ti invitiamo a prendere visione delle conseguenze derivanti dalla deselezione dei singoli cookie, cos\u00ec come riportate nella tabella sopra indicata.<\/p>\n\n\n\n<h3 class=\"wp-block-heading\"><strong>Come, dove e per quanto tempo vengono conservati i tuoi dati?<\/strong><\/h3>\n\n\n\n<h3 class=\"wp-block-heading\"><strong>Come trattiamo i tuoi dati<\/strong><\/h3>\n\n\n\n<p>Il trattamento dei dati personali \u00e8 eseguito attraverso procedure informatiche da parte di soggetti interni appositamente autorizzati e formati. A questi \u00e8 consentito l\u2019accesso ai tuoi dati personali nella misura e nei limiti in cui esso \u00e8 necessario per lo svolgimento delle attivit\u00e0 di trattamento che ti riguardano.<\/p>\n\n\n\n<p>Il Titolare verifica periodicamente gli strumenti mediante i quali i tuoi dati vengono trattati e le misure di sicurezza per essi previste di cui prevede l\u2019aggiornamento costante; verifica, anche per il tramite dei soggetti autorizzati al trattamento, che non siano raccolti, trattati, archiviati o conservati dati personali di cui non sia necessario il trattamento; verifica che i dati siano conservati con la garanzia di integrit\u00e0 e di autenticit\u00e0 e del loro uso per le finalit\u00e0 dei trattamenti effettivamente svolti.<\/p>\n\n\n\n<h3 class=\"wp-block-heading\"><strong>Dove trattiamo i tuoi dati<\/strong><\/h3>\n\n\n\n<p>I dati sono conservati in archivi informatici e telematici situati all\u2019interno dello spazio economico europeo.<\/p>\n\n\n\n<h3 class=\"wp-block-heading\"><strong>Per quanto tempo trattiamo i tuoi dati<\/strong><\/h3>\n\n\n\n<p><strong>Cookie:<\/strong><\/p>\n\n\n\n<p>Ti invitiamo a prendere visione dei termini di conservazione dei dati personali come indicati nella precedente tabella.<\/p>\n\n\n\n<p><strong>Navigazione sito:<\/strong><\/p>\n\n\n\n<p>I dati personali vengono conservati per il tempo necessario a consentire la navigazione del sito e comunque non oltre 28 giorni, salvi i casi in cui si verifichino eventi che comportino l\u2019intervento delle Autorit\u00e0 competenti, anche in collaborazione con i terzi\/destinatari cui \u00e8 demandata l\u2019attivit\u00e0 di sicurezza informatica dei dati del Titolare, a svolgere eventuali indagini sulle cause che hanno determinato l\u2019evento, nonch\u00e9 per tutelare gli interessi del Titolare relativi a una eventuale responsabilit\u00e0 correlata all\u2019uso del sito e dei relativi servizi.<\/p>\n\n\n\n<h3 class=\"wp-block-heading\"><strong>Quali sono i tuoi diritti?<\/strong><\/h3>\n\n\n\n<p>\u00a0In sostanza tu, in ogni momento e a titolo gratuito e senza oneri e formalit\u00e0 particolari per la tua richiesta, puoi:<\/p>\n\n\n\n<ul class=\"wp-block-list\">\n<li>ottenere conferma del trattamento operato dal Titolare;<\/li>\n\n\n\n<li>accedere ai tuoi dati personali e conoscerne l\u2019origine (quando i dati non sono ottenuti da te direttamente), le finalit\u00e0 e gli scopi del trattamento, i dati dei soggetti a cui essi sono comunicati, il periodo di conservazione dei tuoi dati o i criteri utili per determinarlo;<\/li>\n\n\n\n<li>aggiornare o rettificare i tuoi dati personali in modo che siano sempre esatti e accurati;<\/li>\n\n\n\n<li>cancellare i tuoi dati personali dalle banche dati e\/o dagli archivi anche di backup del Titolare nel caso, tra gli altri, in cui non siano pi\u00f9 necessari per le finalit\u00e0 del trattamento o se questo si assume come illecito, e sempre se ne sussistano le condizioni previste per legge; e comunque se il trattamento non sia giustificato da un altro motivo ugualmente legittimo;<\/li>\n\n\n\n<li>limitare il trattamento dei tuoi dati personali in talune circostanze, ad esempio laddove tu ne abbia contestato l\u2019esattezza, per il periodo necessario al Titolare per verificarne l\u2019accuratezza. Tu devi essere informato, in tempi congrui, anche di quando il periodo di sospensione si sia compiuto o la causa della limitazione del trattamento sia venuta meno, e quindi la limitazione stessa revocata;<\/li>\n\n\n\n<li>ottenere i tuoi dati personali, se ricevuti o trattati dal Titolare con il tuo consenso e\/o se il loro trattamento avvenga sulla base di un contratto e con strumenti automatizzati, in formato elettronico anche al fine di trasmetterli ad altro titolare del trattamento.<\/li>\n<\/ul>\n\n\n\n<p>Il Titolare dovr\u00e0 procedere in tal senso senza ritardo e, comunque, al pi\u00f9 tardi entro un mese dal ricevimento della tua richiesta. Il termine pu\u00f2 essere prorogato di due mesi, se necessario, tenuto conto della complessit\u00e0 e del numero delle richieste ricevute dal Titolare. In tali casi il Titolare, entro un mese dal ricevimento della tua richiesta, ti informer\u00e0 e ti metter\u00e0 al corrente dei motivi della proroga. Per l\u2019esercizio dei tuoi diritti scrivi all\u2019indirizzo <a href=\"mailto:privacy@tasgroup.eu\">privacy@tasgroup.eu<\/a><\/p>\n\n\n\n<h3 class=\"wp-block-heading\"><strong>Come e quando puoi opporti al trattamento dei tuoi dati personali?<\/strong><\/h3>\n\n\n\n<p>Per motivi relativi alla tua situazione particolare, puoi opporti in ogni momento al trattamento dei tuoi dati personali se esso \u00e8 fondato sul legittimo interesse, inviando la tua richiesta al Titolare, all\u2019indirizzo <a href=\"mailto:privacy@tasgroup.eu\">privacy@tasgroup.eu<\/a><\/p>\n\n\n\n<p>&nbsp;Hai, inoltre, diritto alla cancellazione dei tuoi dati personali se non esiste un motivo legittimo prevalente rispetto a quello che ha dato origine alla tua richiesta.<\/p>\n\n\n\n<h3 class=\"wp-block-heading\"><strong>A chi puoi proporre reclamo?<\/strong><\/h3>\n\n\n\n<p>Fatta salva ogni altra azione in sede amministrativa o giudiziale, tu puoi presentare un reclamo all\u2019autorit\u00e0 di controllo competente ovvero a quella che svolge i suoi compiti ed esercita i suoi poteri in Italia dove hai la tua residenza abituale o lavori o se diverso nello Stato membro dove \u00e8 avvenuta la violazione del Regolamento (UE) 2016\/679.<\/p>\n<\/div><\/div>\n\n<\/div><\/div>","protected":false},"excerpt":{"rendered":"<p>Cookie Policy Chi siamo e cosa facciamo dei tuoi dati personali? TAS S.p.A., con sede legale in Via Serviliano Lattuada 25, 20135 Milano, (di seguito anche il Titolare), in qualit\u00e0 di titolare del trattamento, si preoccupa della riservatezza dei tuoi dati personali e di garantire ad essi la protezione necessaria da ogni evento che possa &hellip; <a href=\"https:\/\/www.tasgroup.eu\/it\/cookie-policy\/\">Continued<\/a><\/p>\n","protected":false},"author":2,"featured_media":0,"parent":0,"menu_order":0,"comment_status":"closed","ping_status":"closed","template":"template-full.blade.php","meta":{"_acf_changed":false,"content-type":"","footnotes":""},"class_list":["post-9227","page","type-page","status-publish","hentry"],"acf":[],"_links":{"self":[{"href":"https:\/\/www.tasgroup.eu\/it\/wp-json\/wp\/v2\/pages\/9227"}],"collection":[{"href":"https:\/\/www.tasgroup.eu\/it\/wp-json\/wp\/v2\/pages"}],"about":[{"href":"https:\/\/www.tasgroup.eu\/it\/wp-json\/wp\/v2\/types\/page"}],"author":[{"embeddable":true,"href":"https:\/\/www.tasgroup.eu\/it\/wp-json\/wp\/v2\/users\/2"}],"replies":[{"embeddable":true,"href":"https:\/\/www.tasgroup.eu\/it\/wp-json\/wp\/v2\/comments?post=9227"}],"version-history":[{"count":15,"href":"https:\/\/www.tasgroup.eu\/it\/wp-json\/wp\/v2\/pages\/9227\/revisions"}],"predecessor-version":[{"id":11400,"href":"https:\/\/www.tasgroup.eu\/it\/wp-json\/wp\/v2\/pages\/9227\/revisions\/11400"}],"wp:attachment":[{"href":"https:\/\/www.tasgroup.eu\/it\/wp-json\/wp\/v2\/media?parent=9227"}],"curies":[{"name":"wp","href":"https:\/\/api.w.org\/{rel}","templated":true}]}}