{"id":9226,"date":"2022-09-19T14:32:51","date_gmt":"2022-09-19T14:32:51","guid":{"rendered":"https:\/\/tasgroup.jumpgroup.it\/?page_id=9226"},"modified":"2026-04-15T09:15:08","modified_gmt":"2026-04-15T09:15:08","slug":"informativa-privacy","status":"publish","type":"page","link":"https:\/\/www.tasgroup.eu\/it\/informativa-privacy\/","title":{"rendered":"Informativa Privacy"},"content":{"rendered":"<style>.kb-row-layout-id9226_cce391-0d > .kt-row-column-wrap{align-content:center;}:where(.kb-row-layout-id9226_cce391-0d > .kt-row-column-wrap) > .wp-block-kadence-column{justify-content:center;}.kb-row-layout-id9226_cce391-0d > .kt-row-column-wrap{column-gap:var(--global-kb-gap-md, 2rem);row-gap:var(--global-kb-gap-md, 2rem);max-width:100%;margin-left:auto;margin-right:auto;padding-top:10rem;padding-bottom:10rem;grid-template-columns:minmax(0, 1fr);}.kb-row-layout-id9226_cce391-0d > .kt-row-layout-overlay{opacity:0.30;}.kb-row-layout-id9226_cce391-0d ,.kb-row-layout-id9226_cce391-0d h1,.kb-row-layout-id9226_cce391-0d h2,.kb-row-layout-id9226_cce391-0d h3,.kb-row-layout-id9226_cce391-0d h4,.kb-row-layout-id9226_cce391-0d h5,.kb-row-layout-id9226_cce391-0d h6{color:#ffffff;}.kb-row-layout-id9226_cce391-0d .kt-row-layout-bottom-sep{height:100px;}.kb-row-layout-id9226_cce391-0d .kt-row-layout-bottom-sep svg{width:100%;}.kb-row-layout-id9226_cce391-0d .kt-row-layout-bottom-sep svg{fill:#ffffff!important;}@media all and (max-width: 1024px){.kb-row-layout-id9226_cce391-0d > .kt-row-column-wrap{padding-top:3rem;padding-bottom:3rem;grid-template-columns:minmax(0, 1fr);}}@media all and (max-width: 1024px){.kb-row-layout-id9226_cce391-0d .kt-row-layout-bottom-sep{height:px;}}@media all and (max-width: 1024px){.kb-row-layout-id9226_cce391-0d .kt-row-layout-bottom-sep svg{width:%;}}@media all and (max-width: 767px){.kb-row-layout-id9226_cce391-0d > .kt-row-column-wrap{padding-top:3rem;padding-bottom:3rem;grid-template-columns:minmax(0, 1fr);}.kb-row-layout-id9226_cce391-0d > .kt-row-column-wrap > .wp-block-kadence-column:nth-child(1){order:1;}.kb-row-layout-id9226_cce391-0d > .kt-row-column-wrap > .wp-block-kadence-column:nth-child(2){order:11;}.kb-row-layout-id9226_cce391-0d > .kt-row-column-wrap > .wp-block-kadence-column:nth-child(3){order:21;}.kb-row-layout-id9226_cce391-0d > .kt-row-column-wrap > .wp-block-kadence-column:nth-child(4){order:31;}.kb-row-layout-id9226_cce391-0d .kt-row-layout-bottom-sep{height:px;}.kb-row-layout-id9226_cce391-0d .kt-row-layout-bottom-sep svg{width:%;}}<\/style><div class=\"kb-row-layout-wrap kb-row-layout-id9226_cce391-0d alignfull has-violet-to-orange-background-color kt-row-has-bg wp-block-kadence-rowlayout\" id=\"copertina\"><div class=\"kt-row-column-wrap kt-has-1-columns kt-row-layout-equal kt-tab-layout-inherit kt-mobile-layout-row kt-row-valign-middle\">\n<style>.kadence-column9226_6e828c-90 > .kt-inside-inner-col,.kadence-column9226_6e828c-90 > .kt-inside-inner-col:before{border-top-left-radius:0px;border-top-right-radius:0px;border-bottom-right-radius:0px;border-bottom-left-radius:0px;}.kadence-column9226_6e828c-90 > .kt-inside-inner-col{column-gap:var(--global-kb-gap-sm, 1rem);}.kadence-column9226_6e828c-90 > .kt-inside-inner-col{flex-direction:column;}.kadence-column9226_6e828c-90 > .kt-inside-inner-col > .aligncenter{width:100%;}.kadence-column9226_6e828c-90 > .kt-inside-inner-col:before{opacity:0.3;}.kadence-column9226_6e828c-90{position:relative;}@media all and (max-width: 1024px){.kadence-column9226_6e828c-90 > .kt-inside-inner-col{flex-direction:column;}}@media all and (max-width: 767px){.kadence-column9226_6e828c-90 > .kt-inside-inner-col{flex-direction:column;}}<\/style>\n<div class=\"wp-block-kadence-column kadence-column9226_6e828c-90 inner-column-1\"><div class=\"kt-inside-inner-col\">\n<h1 class=\"wp-block-heading has-text-align-center has-white-color has-text-color\"><strong>INFORMATIVA SUL TRATTAMENTO DEI DATI PERSONALI<\/strong><\/h1>\n<\/div><\/div>\n\n<\/div><\/div>\n\n<style>.kb-row-layout-id9226_6976c5-f6 > .kt-row-column-wrap{align-content:start;}:where(.kb-row-layout-id9226_6976c5-f6 > .kt-row-column-wrap) > .wp-block-kadence-column{justify-content:start;}.kb-row-layout-id9226_6976c5-f6 > .kt-row-column-wrap{column-gap:var(--global-kb-gap-md, 2rem);row-gap:var(--global-kb-gap-md, 2rem);max-width:98%;margin-left:auto;margin-right:auto;padding-top:var(--global-kb-spacing-sm, 1.5rem);padding-bottom:var(--global-kb-spacing-sm, 1.5rem);grid-template-columns:minmax(0, 1fr);}.kb-row-layout-id9226_6976c5-f6 > .kt-row-layout-overlay{opacity:0.30;}@media all and (max-width: 1024px){.kb-row-layout-id9226_6976c5-f6 > .kt-row-column-wrap{grid-template-columns:minmax(0, 1fr);}}@media all and (max-width: 767px){.kb-row-layout-id9226_6976c5-f6 > .kt-row-column-wrap{grid-template-columns:minmax(0, 1fr);}}<\/style><div class=\"kb-row-layout-wrap kb-row-layout-id9226_6976c5-f6 alignfull wp-block-kadence-rowlayout\"><div class=\"kt-row-column-wrap kt-has-1-columns kt-row-layout-equal kt-tab-layout-inherit kt-mobile-layout-row kt-row-valign-top\">\n<style>.kadence-column9226_bee29b-a6 > .kt-inside-inner-col,.kadence-column9226_bee29b-a6 > .kt-inside-inner-col:before{border-top-left-radius:0px;border-top-right-radius:0px;border-bottom-right-radius:0px;border-bottom-left-radius:0px;}.kadence-column9226_bee29b-a6 > .kt-inside-inner-col{column-gap:var(--global-kb-gap-sm, 1rem);}.kadence-column9226_bee29b-a6 > .kt-inside-inner-col{flex-direction:column;}.kadence-column9226_bee29b-a6 > .kt-inside-inner-col > .aligncenter{width:100%;}.kadence-column9226_bee29b-a6 > .kt-inside-inner-col:before{opacity:0.3;}.kadence-column9226_bee29b-a6{position:relative;}@media all and (max-width: 1024px){.kadence-column9226_bee29b-a6 > .kt-inside-inner-col{flex-direction:column;}}@media all and (max-width: 767px){.kadence-column9226_bee29b-a6 > .kt-inside-inner-col{flex-direction:column;}}<\/style>\n<div class=\"wp-block-kadence-column kadence-column9226_bee29b-a6 inner-column-1\"><div class=\"kt-inside-inner-col\">\n<p>TAS S.p.A., in qualit\u00e0 di titolare del trattamento, informa ai sensi dell\u2019art. 13 Regolamento UE n. 2016\/679 (in seguito \u201c<strong>GDPR<\/strong>\u201d) che i dati forniti dagli utenti (gli \u201c<strong>Utenti<\/strong>\u201d) sul sito web <a href=\"http:\/\/www.tasgroup.eu\/it\/\">tasgroup.eu\/it<\/a> (in seguito il \u201c<strong>Sito<\/strong>\u201d), saranno trattati con le modalit\u00e0 e per le finalit\u00e0 seguenti:<\/p>\n\n\n\n<p><strong>1. TITOLARE DEL TRATTAMENTO<\/strong><\/p>\n\n\n\n<p>Titolare del trattamento \u00e8 TAS S.p.A. (di seguito <em>\u201c<strong>TAS<\/strong>\u201d <\/em>o anche il <em>\u201c<strong>Titolare<\/strong>\u201d<\/em>), con sede legale in Via Serviliano Lattuada 25, 20135 Milano \u2013 e-mail: privacy@tasgroup.eu.<\/p>\n\n\n\n<p><strong>2. OGGETTO DEL TRATTAMENTO<\/strong><\/p>\n\n\n\n<p>Il trattamento avr\u00e0 ad oggetto singole operazioni, o un complesso di operazioni, di trattamento (quali a mero titolo esemplificativo: raccolta, registrazione, organizzazione, conservazione, elaborazione, comunicazione, modificazione, selezione, utilizzo) dei seguenti dati personali forniti dall\u2019Utente in occasione della fruizione dei servizi resi dal Titolare tramite il Sito (i \u201c<em>Dati Personali<\/em>\u201d o anche i \u201c<em>Dati<\/em>\u201d):<\/p>\n\n\n\n<ul class=\"wp-block-list\">\n<li><strong>dati identificativi e di contatto<\/strong>, forniti dall\u2019utente in caso di richieste di contatto o informative trasmesse alla Societ\u00e0, comprendenti, tra l\u2019altro, nome, cognome, indirizzo e-mail, indirizzo e numero di telefono cellulare;<\/li>\n\n\n\n<li><strong>dati relativi ai curricula: <\/strong>dati personali, da Lei forniti in sede di candidatura ad un\u2019offerta, che comprendono a titolo esemplificativo ma non esaustivo, dati anagrafici, dati di contatto, titolo di studio, esperienze professionali ed eventuali ulteriori dati da Lei forniti in occasione di primi contatti con il Titolare oppure contenuti nel CV da Lei inviato spontaneamente all\u2019e-mail:&nbsp;<a href=\"mailto:job@tasgroup.eu\">job@tasgroup.eu<\/a>; dati particolari, che Lei potrebbe comunicare in risposta ad offerte di lavoro riservate alle categorie protette di cui Legge 68\/99 (ad es. relative alla disabilit\u00e0).<\/li>\n\n\n\n<li><strong>dati di navigazione<\/strong>: per il semplice accesso al Sito non \u00e8 necessario il conferimento di alcun dato personale; tuttavia, i sistemi informatici e i software preposti al funzionamento del Sito acquisiscono, nel corso del normale esercizio, alcuni dati personali la cui trasmissione \u00e8 implicita nell\u2019uso dei protocolli di comunicazione di Internet. Tali informazioni non sono raccolte per essere associate a soggetti identificati.<\/li>\n<\/ul>\n\n\n\n<p><strong>3. FINALIT\u00c0&nbsp;DEL TRATTAMENTO<\/strong><\/p>\n\n\n\n<p>I Dati Personali sono trattati:<\/p>\n\n\n\n<p>A)&nbsp;&nbsp;&nbsp; senza il consenso espresso dell\u2019Utente (art. 6 lett. a) GDPR), per le seguenti finalit\u00e0:<\/p>\n\n\n\n<ul class=\"wp-block-list\">\n<li>processare una richiesta di contatto;<\/li>\n\n\n\n<li>valutare una candidatura spontanea ai fini dell\u2019inserimento della stessa nel <em>database<\/em> per il <em>recruiting<\/em> del Titolare per l\u2019eventuale futura instaurazione di un rapporto di lavoro con il Titolare;<\/li>\n\n\n\n<li>gestire e mantenere il Sito;<\/li>\n\n\n\n<li>processare una richiesta di informazioni mediante l\u2019utilizzo della Chat \u201cParla con Lia\u201d;<\/li>\n\n\n\n<li>processare una richiesta di attivazione di una prova gratuita di un servizio\/prodotto di TAS;<\/li>\n\n\n\n<li>adempiere agli obblighi previsti dalla legge, da un regolamento, dalla normativa comunitaria o da un ordine dell\u2019Autorit\u00e0;<\/li>\n\n\n\n<li>adempiere obblighi connessi alla gestione dei rapporti con gli Utenti;<\/li>\n\n\n\n<li>prevenire o scoprire attivit\u00e0 fraudolente o abusi dannosi per i Siti;<\/li>\n\n\n\n<li>esercitare i diritti del Titolare, ad esempio il diritto di esercizio di un diritto in sede giudiziaria.<\/li>\n<\/ul>\n\n\n\n<p>B)&nbsp;&nbsp;&nbsp;&nbsp; con il consenso espresso dell\u2019Utente (art. 7 GDPR), per le seguenti finalit\u00e0:<\/p>\n\n\n\n<ul class=\"wp-block-list\">\n<li>inviare tramite e-mail&nbsp;comunicazioni informative, inclusa la newsletter, riferite a prodotti e\/o servizi del Titolare, ivi comprese le prove gratuite gi\u00e0 richieste dagli Utenti;<\/li>\n\n\n\n<li><\/li>\n<\/ul>\n\n\n\n<p><strong>4. MODALIT\u00c0 DI&nbsp;TRATTAMENTO<\/strong><\/p>\n\n\n\n<p>Il trattamento dei Dati personali \u00e8 realizzato per mezzo delle operazioni indicate all\u2019art. 4 n. 2) GDPR e precisamente: raccolta, registrazione, organizzazione, conservazione, consultazione, elaborazione, modificazione, selezione, estrazione, raffronto, utilizzo, interconnessione, blocco, comunicazione, cancellazione e distruzione dei Dati.<\/p>\n\n\n\n<p>I Dati personali sono sottoposti a trattamento sia cartaceo che elettronico e\/o automatizzato, mediante l\u2019uso del siti web ospitato presso TAS France E.U.R.L. e gestiti dal Titolare.<\/p>\n\n\n\n<p>Il Titolare tratter\u00e0 i Dati personali per il tempo necessario per adempiere alle finalit\u00e0 di cui sopra, e garantisce i seguenti tempi massimi di conservazione dei Dati:<\/p>\n\n\n\n<ul class=\"wp-block-list\">\n<li>per le finalit\u00e0 sub art. 3, lett A): successivamente alla fruizione del servizio per cui sono raccolti, i Dati potranno essere archiviati e mantenuti per un periodo massimo di 10 anni; ; I dati personali raccolti mediante la piattaforma Lavora con noi saranno conservati per 3 anni. I dati personali raccolti mediante la Chat \u201cParla con Lia\u201d saranno conservati: i log per 3 mesi, il contenuto della chat (domande e risposte) per la sola sessione di utilizzo della stessa;<\/li>\n\n\n\n<li>per le finalit\u00e0 sub art. 3, lett A): 3 anni dalla prestazione del consenso, con successivo aggiornamento dei Dati e rinnovo del consenso prestato.<\/li>\n<\/ul>\n\n\n\n<p><strong>5. SICUREZZA<\/strong><\/p>\n\n\n\n<p>Il Titolare ha adottato una variet\u00e0 di misure di sicurezza per proteggere i Dati contro il rischio di perdita, abuso o alterazione, coerentemente alle misure espresse nell\u2019art. 32 GDPR.<\/p>\n\n\n\n<p><strong>6. ACCESSO E COMUNICAZIONE<\/strong><\/p>\n\n\n\n<p>I Dati potranno essere resi accessibili per le finalit\u00e0 di cui al precedente art. 3:<\/p>\n\n\n\n<ul class=\"wp-block-list\">\n<li>a dipendenti, collaboratori, associati e soci del Titolare, nella loro qualit\u00e0 di incaricati e\/o responsabili interni del trattamento e\/o amministratori di sistema;<\/li>\n\n\n\n<li>a societ\u00e0 terze o altri soggetti (a titolo indicativo, <em>provider<\/em> del Sito, <em>cloud provider<\/em>, tecnici addetti all\u2019assistenza <em>hardware<\/em> e <em>software<\/em>, etc.) per i soli candidati che hanno inviato il CV al Titolare, aziende di selezione e valutazione dei candidati, piattaforme dedicate (es. LinkedIn etc.) che svolgono attivit\u00e0 in <em>outsourcing<\/em> per conto del Titolare, nella loro qualit\u00e0 di responsabili del trattamento.<\/li>\n<\/ul>\n\n\n\n<p>Senza l\u2019espresso consenso dell\u2019Utente (ex art. 6 lett. a) GDPR), il Titolare potr\u00e0 comunicare i Dati per le finalit\u00e0 di cui all\u2019art. 2.A) a Organismi di vigilanza, Autorit\u00e0 giudiziarie nonch\u00e9 a tutti gli altri soggetti ai quali la comunicazione sia obbligatoria per legge per l\u2019espletamento delle finalit\u00e0 dette.<\/p>\n\n\n\n<p>Senza l\u2019espresso consenso dell\u2019Utente, i Dati non potranno essere ceduti a terzi per il relativo utilizzo a fini propri, e dunque al di fuori dell\u2019accesso di cui al precedente art. 6.<\/p>\n\n\n\n<p>I Dati non saranno in ogni caso oggetto di diffusione.<\/p>\n\n\n\n<p><strong>7. TRASFERIMENTO DEI DATI<\/strong><\/p>\n\n\n\n<p>Il Titolare \u00e8 una societ\u00e0 che opera a livello internazionale.<\/p>\n\n\n\n<p>La gestione e la conservazione dei Dati avverr\u00e0 prioritariamente in Europa, su<em> server <\/em>del Titolare ubicati in Francia e\/o di societ\u00e0 terze incaricate e debitamente nominate quali Responsabili del trattamento.<\/p>\n\n\n\n<p>Il Titolare si avvale di strumenti quali Google Suite (Gmail, Drive). I servizi di Google Suite rivolti ad utenti nello S.E.E. sono erogati da Google Ireland Limited (e dalle sue consociate)&nbsp;che, per assicurare un livello adeguato di protezione, in relazione a quei Paesi extra S.E.E. con cui non sussiste una decisione di adeguatezza, basa il trasferimento di dati personali sulle clausole tipo sulla protezione dei dati approvate dalla Commissione Europea, proteggendo altres\u00ec i dati in transito mediante il protocollo HTTPS e criptando i dati inattivi mediante meccanismi di crittografia.<\/p>\n\n\n\n<p>Il Titolare pu\u00f2 fornire i suoi servizi anche in altri Paesi, nel qual caso il trasferimento dei Dati in tali Paesi \u00e8 strettamente limitato all\u2019effettiva necessit\u00e0 di esserne a conoscenza. Il Titolare adotter\u00e0 le misure necessarie per proteggere i dati personali degli Utenti e dei candidati, e impedire l\u2019accesso non autorizzato. Tutte le informazioni degli Utenti e dei candidati saranno accessibili e trattate esclusivamente dai dipendenti del Titolare coinvolti nelle finalit\u00e0 di cui al precedente art. 3, in qualsiasi Paese, nonch\u00e9 da terzi autorizzati quali societ\u00e0 che forniscono valutazioni per assistere il Titolare nell\u2019ambito delle predette finalit\u00e0.<\/p>\n\n\n\n<p>Nelle ipotesi in cui i Dati siano trasferiti nei sistemi usati dal Titolare anche al di fuori dell\u2019Unione Europea, lo stesso garantisce l\u2019applicazione delle clausole contrattuali standard della Commissione Europea per garantire un trasferimento internazionale sicuro dei dati personali, in base agli artt. 44, 45 e 46 GDPR.<\/p>\n\n\n\n<p><strong>8. NATURA DEL CONFERIMENTO DEI DATI E CONSEGUENZE DEL RIFIUTO DI RISPONDERE<\/strong><\/p>\n\n\n\n<p>Il conferimento dei Dati per le finalit\u00e0 di cui all\u2019art. 3.A) \u00e8 obbligatorio. In loro assenza, non potranno essere garantite all\u2019Utente n\u00e9 la risposta a richieste di contatto o di informazioni, l\u2019accesso a prove gratuite di prodotti del Titolare, n\u00e9 la valutazione del profilo dei candidati e la selezione degli stessi.<\/p>\n\n\n\n<p>Il relativo trattamento non richiede il consenso dell\u2019interessato nel caso in cui lo stesso avvenga per dar corso agli obblighi derivanti dal rapporto instaurato o nel caso dovesse ricorrere altra ipotesi di esclusione (in specie la rintracciabilit\u00e0 di un interesse legittimo interesse dal Titolare), espressamente prevista o dipendente dalla normativa e dai regolamenti applicati dal Titolare, o anche mediante soggetti terzi individuati quali responsabili del trattamento. Laddove la comunicazione coinvolga dati idonei a rivelare lo stato di salute, le relative operazioni di trattamento avverranno con tutte le garanzie del caso ivi comprese quelle che, se richieste in base ai rischi rilevati, determinano l\u2019applicazione di soluzioni di pseudonimizzazione, e\/o di aggregazione e\/o di criptatura dei dati.<\/p>\n\n\n\n<p>Il conferimento dei Dati per le finalit\u00e0 di cui all\u2019art. 3.B) \u00e8 invece facoltativo. L\u2019Utente pu\u00f2 decidere di non conferire alcun Dato o di negare successivamente la possibilit\u00e0 di trattare i Dati forniti: in tal caso, l\u2019Utente non potr\u00e0 ricevere newsletter o altre comunicazioni da parte del Titolare.<\/p>\n\n\n\n<p><strong>9. DIRITTI DELL&#8217;INTERESSATO<\/strong><\/p>\n\n\n\n<p>Nella qualit\u00e0 di interessati, gli Utenti hanno i diritti di cui all\u2019art. 15 GDPR e precisamente i diritti di:<\/p>\n\n\n\n<ul class=\"wp-block-list\">\n<li>ottenere la conferma dell&#8217;esistenza o meno di Dati Personali che riguardano l\u2019Utente, anche se non ancora registrati, e la loro comunicazione in forma intelligibile;<\/li>\n\n\n\n<li>ottenere l&#8217;indicazione: a) dell&#8217;origine dei Dati Personali; b) delle finalit\u00e0 e modalit\u00e0 del trattamento; c) della logica applicata in caso di trattamento effettuato con l&#8217;ausilio di strumenti elettronici; d) degli estremi identificativi del titolare, dei responsabili e del rappresentante designato ai sensi dell&#8217;art. 5, comma 2 Codice Privacy e art. 3, comma 1, GDPR; e) dei soggetti o delle categorie di soggetti ai quali i Dati Personali possono essere comunicati o che possono venirne a conoscenza in qualit\u00e0 di rappresentante designato nel territorio dello Stato, di responsabili o incaricati;<\/li>\n\n\n\n<li>ottenere: a) l&#8217;aggiornamento, la rettificazione ovvero, quando l\u2019Utente vi abbia interesse, l&#8217;integrazione dei Dati; b) la cancellazione, la trasformazione in forma anonima o il blocco dei Dati trattati in violazione di legge, compresi quelli di cui non \u00e8 necessaria la conservazione in relazione agli scopi per i quali i Dati sono stati raccolti o successivamente trattati; c) l&#8217;attestazione che le operazioni di cui alle lettere a) e b) sono state portate a conoscenza, anche per quanto riguarda il loro contenuto, di coloro ai quali i Dati sono stati comunicati o diffusi, eccettuato il caso in cui tale adempimento si rivela impossibile o comporta un impiego di mezzi manifestamente sproporzionato rispetto al diritto tutelato;<\/li>\n\n\n\n<li>opporsi, in tutto o in parte: a) per motivi legittimi al trattamento dei Dati Personali che riguardano l\u2019Utente, ancorch\u00e9 pertinenti allo scopo della raccolta; b) al trattamento di Dati Personali che riguardano l\u2019Utente a fini di invio di materiale pubblicitario o di vendita diretta o per il compimento di ricerche di mercato o di comunicazione commerciale, mediante l\u2019uso di sistemi automatizzati di chiamata senza l\u2019intervento di un operatore mediante e-mail e\/o mediante modalit\u00e0 di marketing tradizionali mediante telefono e\/o posta cartacea. Si fa presente che il diritto di opposizione dell\u2019interessato, esposto al precedente punto b), per finalit\u00e0 di marketing diretto mediante modalit\u00e0 automatizzate si estende a quelle tradizionali e che comunque resta salva la possibilit\u00e0 per l\u2019interessato di esercitare il diritto di opposizione anche solo in parte. Pertanto, l\u2019interessato pu\u00f2 decidere di ricevere solo comunicazioni mediante modalit\u00e0 tradizionali ovvero solo comunicazioni automatizzate oppure nessuna delle due tipologie di comunicazione.<\/li>\n<\/ul>\n\n\n\n<p>Ove applicabili, agli Utenti sono riconosciuti altres\u00ec i diritti di cui agli artt. 16-21 GDPR (Diritto di rettifica, diritto all\u2019oblio, diritto di limitazione di trattamento, diritto alla portabilit\u00e0 dei Dati, diritto di opposizione), nonch\u00e9 il diritto di reclamo all\u2019Autorit\u00e0 Garante.<\/p>\n\n\n\n<p><strong>10. MODALIT\u00c0 DI ESERCIZIO DEI DIRITTI<\/strong><\/p>\n\n\n\n<p>L\u2019Utente potr\u00e0 in qualsiasi momento esercitare i diritti inviando:<\/p>\n\n\n\n<ul class=\"wp-block-list\">\n<li>una e-mail all\u2019indirizzo&nbsp;<a href=\"mailto:privacy@tasgroup.eu\">privacy@tasgroup.eu<\/a>;<\/li>\n\n\n\n<li>una raccomandata a.r. a TAS S.p.A., Via Serviliano Lattuada 25, 20135 Milano.<\/li>\n<\/ul>\n\n\n\n<p><strong>11. COOKIE<\/strong><\/p>\n\n\n\n<p>Informazioni inerenti la gestione dei cookies nel Sito sono riportate nella sezione COOKIE POLICY presente sul Sito, e alla quale per completezza si rinvia.<\/p>\n\n\n\n<p><strong>12. DPO, RESPONSABILE E INCARICATI<\/strong><\/p>\n\n\n\n<p>Gli Utenti possono contattate il responsabile della protezione dei dati (&#8220;<strong>DPO<\/strong>&#8220;) per tutte le questioni relative al trattamento dei loro dati personali e all&#8217;esercizio dei loro diritti derivanti dal Regolamento.<\/p>\n\n\n\n<p>Il DPO pu\u00f2 essere contattato al seguente indirizzo email:&nbsp;<a href=\"mailto:tas_dpo.it@tasgroup.eu\">tas_dpo.it@tasgroup.eu<\/a>.<\/p>\n\n\n\n<p>L\u2019elenco aggiornato dei responsabili e degli incaricati al trattamento \u00e8 custodito presso la sede del Titolare.<\/p>\n\n\n\n<p><strong>13. MODIFICHE ALLA PRESENTE INFORMATIVA<\/strong><\/p>\n\n\n\n<p>La presente informativa pu\u00f2 subire variazioni. Si consiglia, quindi, di controllare regolarmente questa informativa e di riferirsi alla versione pi\u00f9 aggiornata.<\/p>\n\n\n\n<p><strong>PROPRIETA\u2019 INTELLETTUALE E TUTELA DEL MARCHIO<\/strong><\/p>\n\n\n\n<p>Le pagine di questo Sito sono protette da <em>copyright<\/em>, contrassegnate dal simbolo \u00a9 ai sensi della legge 633\/1941; dunque, il contenuto del Sito \u00e8 protetto contro duplicazioni, traduzioni. Inoltre la tutela del marchio, \u00e8 protetto ai sensi dell\u2019articolo 2571 c.c.<\/p>\n\n\n\n<p><a href=\"https:\/\/www.tasgroup.eu\/app\/uploads\/sites\/2\/2026\/04\/TAS-Informativa-Privacy-Commerciale.pdf\">Informativa Privacy Commerciale<\/a><\/p>\n<\/div><\/div>\n\n<\/div><\/div>","protected":false},"excerpt":{"rendered":"<p>INFORMATIVA SUL TRATTAMENTO DEI DATI PERSONALI TAS S.p.A., in qualit\u00e0 di titolare del trattamento, informa ai sensi dell\u2019art. 13 Regolamento UE n. 2016\/679 (in seguito \u201cGDPR\u201d) che i dati forniti dagli utenti (gli \u201cUtenti\u201d) sul sito web tasgroup.eu\/it (in seguito il \u201cSito\u201d), saranno trattati con le modalit\u00e0 e per le finalit\u00e0 seguenti: 1. TITOLARE DEL &hellip; <a href=\"https:\/\/www.tasgroup.eu\/it\/informativa-privacy\/\">Continued<\/a><\/p>\n","protected":false},"author":2,"featured_media":0,"parent":0,"menu_order":0,"comment_status":"closed","ping_status":"closed","template":"template-full.blade.php","meta":{"_acf_changed":false,"content-type":"","footnotes":""},"class_list":["post-9226","page","type-page","status-publish","hentry"],"acf":[],"_links":{"self":[{"href":"https:\/\/www.tasgroup.eu\/it\/wp-json\/wp\/v2\/pages\/9226"}],"collection":[{"href":"https:\/\/www.tasgroup.eu\/it\/wp-json\/wp\/v2\/pages"}],"about":[{"href":"https:\/\/www.tasgroup.eu\/it\/wp-json\/wp\/v2\/types\/page"}],"author":[{"embeddable":true,"href":"https:\/\/www.tasgroup.eu\/it\/wp-json\/wp\/v2\/users\/2"}],"replies":[{"embeddable":true,"href":"https:\/\/www.tasgroup.eu\/it\/wp-json\/wp\/v2\/comments?post=9226"}],"version-history":[{"count":23,"href":"https:\/\/www.tasgroup.eu\/it\/wp-json\/wp\/v2\/pages\/9226\/revisions"}],"predecessor-version":[{"id":11893,"href":"https:\/\/www.tasgroup.eu\/it\/wp-json\/wp\/v2\/pages\/9226\/revisions\/11893"}],"wp:attachment":[{"href":"https:\/\/www.tasgroup.eu\/it\/wp-json\/wp\/v2\/media?parent=9226"}],"curies":[{"name":"wp","href":"https:\/\/api.w.org\/{rel}","templated":true}]}}