{"id":127,"date":"2022-07-18T10:22:59","date_gmt":"2022-07-18T10:22:59","guid":{"rendered":"https:\/\/tasgroup.test\/?page_id=127"},"modified":"2022-10-11T15:46:55","modified_gmt":"2022-10-11T15:46:55","slug":"corporate","status":"publish","type":"page","link":"https:\/\/www.tasgroup.eu\/it\/mercati\/corporate\/","title":{"rendered":"Corporate"},"content":{"rendered":"<style>#kt-layout-id_37dc2d-cf > .kt-row-column-wrap{align-content:start;}:where(#kt-layout-id_37dc2d-cf > .kt-row-column-wrap) > .wp-block-kadence-column{justify-content:start;}#kt-layout-id_37dc2d-cf > .kt-row-column-wrap{column-gap:var(--global-kb-gap-md, 2rem);row-gap:var(--global-kb-gap-md, 2rem);padding-top:var( --global-kb-row-default-top, 25px );padding-bottom:var( --global-kb-row-default-bottom, 25px );padding-top:0px;padding-bottom:0px;padding-left:0px;padding-right:0px;grid-template-columns:minmax(0, 1fr);}#kt-layout-id_37dc2d-cf > .kt-row-layout-overlay{opacity:0.30;}@media all and (max-width: 1024px){#kt-layout-id_37dc2d-cf > .kt-row-column-wrap{grid-template-columns:minmax(0, 1fr);}}@media all and (max-width: 767px){#kt-layout-id_37dc2d-cf > .kt-row-column-wrap{grid-template-columns:minmax(0, 1fr);}}<\/style>\n<div class=\"wp-block-kadence-rowlayout alignfull\" id=\"intro\"><div id=\"kt-layout-id_37dc2d-cf\" class=\"kt-row-layout-inner kt-layout-id_37dc2d-cf\"><div class=\"kt-row-column-wrap kt-has-1-columns kt-gutter-default kt-v-gutter-default kt-row-valign-top kt-row-layout-equal kt-tab-layout-inherit kt-m-colapse-left-to-right kt-mobile-layout-row\"><style>.kadence-column_cc2345-58 > .kt-inside-inner-col{padding-left:0rem;padding-right:0rem;}.kadence-column_cc2345-58 > .kt-inside-inner-col{border-top-width:0px;border-right-width:0px;border-bottom-width:0px;border-left-width:0px;}.kadence-column_cc2345-58 > .kt-inside-inner-col,.kadence-column_cc2345-58 > .kt-inside-inner-col:before{border-top-left-radius:0px;border-top-right-radius:0px;border-bottom-right-radius:0px;border-bottom-left-radius:0px;}.kadence-column_cc2345-58 > .kt-inside-inner-col{column-gap:var(--global-kb-gap-sm, 1rem);}.kadence-column_cc2345-58 > .kt-inside-inner-col{flex-direction:column;}.kadence-column_cc2345-58 > .kt-inside-inner-col > .aligncenter{width:100%;}.kadence-column_cc2345-58 > .kt-inside-inner-col:before{opacity:0.3;}.kadence-column_cc2345-58{position:relative;}@media all and (max-width: 1024px){.kadence-column_cc2345-58 > .kt-inside-inner-col{flex-direction:column;}}@media all and (max-width: 767px){.kadence-column_cc2345-58 > .kt-inside-inner-col{flex-direction:column;}}<\/style>\n<div class=\"wp-block-kadence-column inner-column-1 kadence-column_cc2345-58\"><div class=\"kt-inside-inner-col\">\n<div class=\"wp-block-media-text alignfull has-media-on-the-right is-stacked-on-mobile is-style-jmp-media-text has-blue-background-color has-background\"><figure class=\"wp-block-media-text__media\"><img loading=\"lazy\" decoding=\"async\" width=\"959\" height=\"600\" src=\"\/app\/uploads\/2022\/08\/banking-palazzi.png\" alt=\"\" class=\"wp-image-1962 size-full\" srcset=\"https:\/\/www.tasgroup.eu\/app\/uploads\/sites\/2\/2022\/08\/banking-palazzi.png 959w, https:\/\/www.tasgroup.eu\/app\/uploads\/sites\/2\/2022\/08\/banking-palazzi-300x188.png 300w, https:\/\/www.tasgroup.eu\/app\/uploads\/sites\/2\/2022\/08\/banking-palazzi-768x481.png 768w\" sizes=\"(max-width: 959px) 100vw, 959px\" \/><\/figure><div class=\"wp-block-media-text__content\">\n<h1 class=\"has-white-color has-text-color wp-block-heading\">Corporate<\/h1>\n\n\n\n<p class=\"has-white-color has-text-color\">La PSD2 ha a aperto nuove opportunit\u00e0 di business al mondo Corporate per operare nell&#8217;ambito dei servizi finanziari, non pi\u00f9 appannaggio solamente delle Banche. Diverse realt\u00e0 si stanno riposizionando come IMEL o Istituto di Pagamento approfittando delle aperture introdotte dall&#8217;Open Banking. Se sei un operatore del settore Utilities, Energy, Insurance, Retail, Media, Telco, Automotive, Mobility, e altri ancora, ti affianchiamo nella realizzazione di nuovi servizi a valore aggiunto per la tua clientela. Siamo esperti in soluzioni end-to-end che ti consentono di affidarci completamente il progetto per concentrarti sulla tua idea di business. Le nostre tecnologie basate su API e microservizi sono facili da integrare con i tuoi sistemi esistenti o con quelli di terze parti. Le nostre piattaforme sono tutte cloud-ready, cloud-agnostic e adottabili gradualmente per ridurre la complessit\u00e0 dei progetti di migrazione ed essere velocemente pronti ed efficaci sul mercato.<\/p>\n<\/div><\/div>\n<\/div><\/div>\n<\/div><\/div><\/div>\n\n\n<style>#kt-layout-id_9f600c-82 > .kt-row-column-wrap{align-content:start;}:where(#kt-layout-id_9f600c-82 > .kt-row-column-wrap) > .wp-block-kadence-column{justify-content:start;}#kt-layout-id_9f600c-82 > .kt-row-column-wrap{column-gap:var(--global-kb-gap-md, 2rem);row-gap:var(--global-kb-gap-md, 2rem);padding-top:var( --global-kb-row-default-top, 25px );padding-bottom:var( --global-kb-row-default-bottom, 25px );padding-top:5rem;padding-bottom:5rem;grid-template-columns:minmax(0, 1fr);}#kt-layout-id_9f600c-82 > .kt-row-layout-overlay{opacity:0.30;}@media all and (max-width: 1024px){#kt-layout-id_9f600c-82 > .kt-row-column-wrap{grid-template-columns:minmax(0, 1fr);}}@media all and (max-width: 767px){#kt-layout-id_9f600c-82 > .kt-row-column-wrap{grid-template-columns:minmax(0, 1fr);}}<\/style>\n<div class=\"wp-block-kadence-rowlayout alignfull\" id=\"soluzioni\"><div id=\"kt-layout-id_9f600c-82\" class=\"kt-row-layout-inner kt-row-has-bg kt-layout-id_9f600c-82 has-violet-to-orange-background-color\"><div class=\"kt-row-column-wrap kt-has-1-columns kt-gutter-default kt-v-gutter-default kt-row-valign-top kt-row-layout-equal kt-tab-layout-inherit kt-m-colapse-left-to-right kt-mobile-layout-row\"><style>.kadence-column_bfb9b4-51 > .kt-inside-inner-col{border-top-width:0px;border-right-width:0px;border-bottom-width:0px;border-left-width:0px;}.kadence-column_bfb9b4-51 > .kt-inside-inner-col,.kadence-column_bfb9b4-51 > .kt-inside-inner-col:before{border-top-left-radius:0px;border-top-right-radius:0px;border-bottom-right-radius:0px;border-bottom-left-radius:0px;}.kadence-column_bfb9b4-51 > .kt-inside-inner-col{column-gap:var(--global-kb-gap-sm, 1rem);}.kadence-column_bfb9b4-51 > .kt-inside-inner-col{flex-direction:column;}.kadence-column_bfb9b4-51 > .kt-inside-inner-col > .aligncenter{width:100%;}.kadence-column_bfb9b4-51 > .kt-inside-inner-col:before{opacity:0.3;}.kadence-column_bfb9b4-51{text-align:center;}.kadence-column_bfb9b4-51{position:relative;}@media all and (max-width: 1024px){.kadence-column_bfb9b4-51 > .kt-inside-inner-col{flex-direction:column;}}@media all and (max-width: 767px){.kadence-column_bfb9b4-51 > .kt-inside-inner-col{flex-direction:column;}}<\/style>\n<div class=\"wp-block-kadence-column inner-column-1 kadence-column_bfb9b4-51\"><div class=\"kt-inside-inner-col\">\n<h2 class=\"has-white-color has-text-color wp-block-heading\">Scopri le nostre soluzioni per Corporate<br><\/h2>\n\n\n\n<div style=\"height:45px\" aria-hidden=\"true\" class=\"wp-block-spacer\"><\/div>\n\n\n<div id=\"swiper-carousel-Iattf\" class=\"Swiper swiper Swiper--CarouselSlider js-CarouselSlider\" data-type=\"\" data-card-count=\"1\">\n  <div class=\"Swiper__Wrapper swiper-wrapper \">\n    <div class=\"Swiper__Item swiper-slide\">\n                    <a href=\"https:\/\/www.tasgroup.eu\/it\/mercati\/corporate\/servizi-finanziari-aziende-non-bancarie\/\" class=\"Card Card--White\" target=\"_self\">\n    <div class=\"Card__Wrapper \">\n              <h4 class=\"Card__Title\">Aziende non Bancarie<\/h4>\n                <\/div>\n  <\/a>\n                <\/div>\n  <\/div>\n  <div class=\"Swiper__Scrollbar swiper-scrollbar js-Swiper-Scrollbar\"><\/div>\n<\/div><\/div><\/div>\n<\/div><\/div><\/div>\n","protected":false},"excerpt":{"rendered":"<p>Corporate La PSD2 ha a aperto nuove opportunit\u00e0 di business al mondo Corporate per operare nell&#8217;ambito dei servizi finanziari, non pi\u00f9 appannaggio solamente delle Banche. Diverse realt\u00e0 si stanno riposizionando come IMEL o Istituto di Pagamento approfittando delle aperture introdotte dall&#8217;Open Banking. Se sei un operatore del settore Utilities, Energy, Insurance, Retail, Media, Telco, Automotive, &hellip; <a href=\"https:\/\/www.tasgroup.eu\/it\/mercati\/corporate\/\">Continued<\/a><\/p>\n","protected":false},"author":3,"featured_media":0,"parent":20,"menu_order":0,"comment_status":"closed","ping_status":"closed","template":"template-full.blade.php","meta":{"_acf_changed":false,"content-type":"","footnotes":""},"class_list":["post-127","page","type-page","status-publish","hentry"],"acf":[],"_links":{"self":[{"href":"https:\/\/www.tasgroup.eu\/it\/wp-json\/wp\/v2\/pages\/127"}],"collection":[{"href":"https:\/\/www.tasgroup.eu\/it\/wp-json\/wp\/v2\/pages"}],"about":[{"href":"https:\/\/www.tasgroup.eu\/it\/wp-json\/wp\/v2\/types\/page"}],"author":[{"embeddable":true,"href":"https:\/\/www.tasgroup.eu\/it\/wp-json\/wp\/v2\/users\/3"}],"replies":[{"embeddable":true,"href":"https:\/\/www.tasgroup.eu\/it\/wp-json\/wp\/v2\/comments?post=127"}],"version-history":[{"count":15,"href":"https:\/\/www.tasgroup.eu\/it\/wp-json\/wp\/v2\/pages\/127\/revisions"}],"predecessor-version":[{"id":9859,"href":"https:\/\/www.tasgroup.eu\/it\/wp-json\/wp\/v2\/pages\/127\/revisions\/9859"}],"up":[{"embeddable":true,"href":"https:\/\/www.tasgroup.eu\/it\/wp-json\/wp\/v2\/pages\/20"}],"wp:attachment":[{"href":"https:\/\/www.tasgroup.eu\/it\/wp-json\/wp\/v2\/media?parent=127"}],"curies":[{"name":"wp","href":"https:\/\/api.w.org\/{rel}","templated":true}]}}